{"id":1632,"date":"2019-10-11T10:28:03","date_gmt":"2019-10-11T08:28:03","guid":{"rendered":"https:\/\/www.fachwelt-verlag.de\/?page_id=1632"},"modified":"2020-05-26T11:02:08","modified_gmt":"2020-05-26T09:02:08","slug":"stellenanzeige-kaufmaennischer-angestellter","status":"publish","type":"page","link":"https:\/\/www.fachwelt-verlag.de\/en\/karriere\/stellenanzeige-kaufmaennischer-angestellter\/","title":{"rendered":"Stellenanzeige Kaufm\u00e4nnischer Angestellter in Teilzeit"},"content":{"rendered":"<section class=\"l-section wpb_row height_medium\" id=\"jobs-site\" style=\"margin-top: 0px !important;border-top-width: 0px !important;\"><div class=\"l-section-h i-cf\" style=\"padding-top: 0px !important;\"><div class=\"g-cols vc_row type_default valign_top\"><div class=\"vc_col-sm-12 wpb_column vc_column_container has-fill\"><div class=\"vc_column-inner  vc_custom_1545297562440\"><div class=\"wpb_wrapper\"><div class=\"w-image align_center\"><div class=\"w-image-h\"><img width=\"1140\" height=\"550\" src=\"https:\/\/www.fachwelt-verlag.de\/wp-content\/uploads\/Stellenanzeige_Bu\u0308ro.jpg\" class=\"attachment-full size-full\" alt=\"Werbemittel Fachwelt Verlag Stuttgart Verlagshaus Fachmagazine Fachzeitschriften Zeitschriften Magazine\" loading=\"lazy\" srcset=\"https:\/\/www.fachwelt-verlag.de\/wp-content\/uploads\/Stellenanzeige_Bu\u0308ro.jpg 1140w, https:\/\/www.fachwelt-verlag.de\/wp-content\/uploads\/Stellenanzeige_Bu\u0308ro-768x371.jpg 768w, https:\/\/www.fachwelt-verlag.de\/wp-content\/uploads\/Stellenanzeige_Bu\u0308ro-1024x494.jpg 1024w, https:\/\/www.fachwelt-verlag.de\/wp-content\/uploads\/Stellenanzeige_Bu\u0308ro-300x145.jpg 300w, https:\/\/www.fachwelt-verlag.de\/wp-content\/uploads\/Stellenanzeige_Bu\u0308ro-600x289.jpg 600w\" sizes=\"(max-width: 1140px) 100vw, 1140px\" \/><\/div><\/div>[vc_custom_heading text=&#8221;Gesucht: Kaufm\u00e4nnischer Angestellter (m\/w\/d) in Teilzeit&#8221; font_container=&#8221;tag:h1|text_align:left&#8221; use_theme_fonts=&#8221;yes&#8221;]<div class=\"w-separator size_medium\"><\/div>\r\n\t<div class=\"wpb_text_column \">\r\n\t\t<div class=\"wpb_wrapper\">\r\n\t\t\t<h2 class=\"subpage-subtitle\">Key-Facts<\/h2>\n<ul>\n<li>Besch\u00e4ftigung in Teilzeit<\/li>\n<li>Abwechslungsreiches Bet\u00e4tigungsfeld<\/li>\n<li>Ausgezeichnete Perspektiven<\/li>\n<li>Spielraum f\u00fcr Eigeninitiative und neue Ideen<\/li>\n<li>Offene Kommunikationskultur<\/li>\n<li>Flache Hierarchien<\/li>\n<\/ul>\n\r\n\t\t<\/div>\r\n\t<\/div>\r\n<div class=\"w-separator size_medium with_line width_default thick_3 style_solid color_custom align_left with_content\" style=\"border-color:#424242;color:#424242;\"><div class=\"w-separator-h\"><i class=\"fas fa-angle-down\"><\/i><\/div><\/div>\r\n\t<div class=\"wpb_text_column \">\r\n\t\t<div class=\"wpb_wrapper\">\r\n\t\t\t<h2 class=\"subpage-subtitle\">Ihre Aufgaben<strong><br \/>\n<\/strong><\/h2>\n<ul>\n<li>Unterst\u00fctzung unternehmenspolitisch relevanter Aufgaben und Projekte<\/li>\n<li>Reisebereitschaft zu Kunden, Veranstaltungen und Messen<\/li>\n<li>Mitwirkung im Bereich Gesch\u00e4ftsfeldentwicklung<\/li>\n<li>Aufbereitung von Akquiseunterlagen f\u00fcr den Verkauf<\/li>\n<li>Auswertung von Fachmedien<\/li>\n<li>\u00dcbernahme allgemeiner Verwaltungsaufgaben<\/li>\n<li>Korrespondenz mit Gesch\u00e4ftspartnern<\/li>\n<li>Terminplanung und -koordination<\/li>\n<\/ul>\n\r\n\t\t<\/div>\r\n\t<\/div>\r\n<div class=\"w-separator size_medium with_line width_default thick_3 style_solid color_custom align_left with_content\" style=\"border-color:#424242;color:#424242;\"><div class=\"w-separator-h\"><i class=\"fas fa-angle-down\"><\/i><\/div><\/div>\r\n\t<div class=\"wpb_text_column \">\r\n\t\t<div class=\"wpb_wrapper\">\r\n\t\t\t<h2 class=\"subpage-subtitle\">Ihr Profil<strong><br \/>\n<\/strong><\/h2>\n<ul>\n<li>Abgeschlossene Berufsausbildung<\/li>\n<li>Engagierte und zuverl\u00e4ssige Arbeitsweise sowie Kommunikationsf\u00e4higkeit<\/li>\n<li>Sehr gute Deutsch- und Englischkenntnisse in Wort und Schrift<\/li>\n<li>Sicher im Umgang mit MS Office (Excel, PowerPoint, Word)<\/li>\n<li>Belastbarkeit, Teamf\u00e4higkeit und selbst\u00e4ndiges Arbeiten<\/li>\n<\/ul>\n\r\n\t\t<\/div>\r\n\t<\/div>\r\n<\/div><\/div><\/div><\/div><\/div><\/section>\n","protected":false},"excerpt":{"rendered":"[vc_custom_heading text=\"Gesucht: Kaufm\u00e4nnischer Angestellter (m\/w\/d) in Teilzeit\" font_container=\"tag:h1|text_align:left\" use_theme_fonts=\"yes\"] Key-Facts Besch\u00e4ftigung in Teilzeit Abwechslungsreiches Bet\u00e4tigungsfeld Ausgezeichnete Perspektiven Spielraum f\u00fcr Eigeninitiative und neue Ideen Offene Kommunikationskultur Flache Hierarchien Ihre Aufgaben Unterst\u00fctzung unternehmenspolitisch relevanter Aufgaben und Projekte Reisebereitschaft zu Kunden, Veranstaltungen und Messen Mitwirkung im Bereich Gesch\u00e4ftsfeldentwicklung Aufbereitung von Akquiseunterlagen f\u00fcr den Verkauf Auswertung von Fachmedien \u00dcbernahme...","protected":false},"author":9,"featured_media":2724,"parent":1049,"menu_order":0,"comment_status":"closed","ping_status":"closed","template":"","meta":{"inline_featured_image":false},"yoast_head":"<!-- This site is optimized with the Yoast SEO plugin v17.8 - https:\/\/yoast.com\/wordpress\/plugins\/seo\/ -->\n<title>Stellenanzeige Kaufm\u00e4nnischer Angestellter in Teilzeit &bull; FACHWELT VERLAG<\/title>\n<meta name=\"description\" content=\"Sie suchen einen Job und wollen Karriere machen? Dann sind Sie bei uns an der richtigen Stelle. Senden Sie uns Ihre Bewerbung.\" \/>\n<meta name=\"robots\" content=\"index, follow, max-snippet:-1, max-image-preview:large, max-video-preview:-1\" \/>\n<link rel=\"canonical\" href=\"https:\/\/www.fachwelt-verlag.de\/en\/karriere\/stellenanzeige-kaufmaennischer-angestellter\/\" \/>\n<meta property=\"og:locale\" content=\"en_US\" \/>\n<meta property=\"og:type\" content=\"article\" \/>\n<meta property=\"og:title\" content=\"Stellenanzeige Kaufm\u00e4nnischer Angestellter in Teilzeit &bull; FACHWELT VERLAG\" \/>\n<meta property=\"og:description\" content=\"Sie suchen einen Job und wollen Karriere machen? Dann sind Sie bei uns an der richtigen Stelle. Senden Sie uns Ihre Bewerbung.\" \/>\n<meta property=\"og:url\" content=\"https:\/\/www.fachwelt-verlag.de\/en\/karriere\/stellenanzeige-kaufmaennischer-angestellter\/\" \/>\n<meta property=\"og:site_name\" content=\"FACHWELT VERLAG\" \/>\n<meta property=\"article:modified_time\" content=\"2020-05-26T09:02:08+00:00\" \/>\n<meta property=\"og:image\" content=\"https:\/\/www.fachwelt-verlag.de\/wp-content\/uploads\/Stellenanzeige_Bu\u0308ro.jpg\" \/>\n\t<meta property=\"og:image:width\" content=\"1140\" \/>\n\t<meta property=\"og:image:height\" content=\"550\" \/>\n<meta name=\"twitter:card\" content=\"summary\" \/>\n<meta name=\"twitter:label1\" content=\"Est. reading time\" \/>\n\t<meta name=\"twitter:data1\" content=\"1 minute\" \/>\n<script type=\"application\/ld+json\" class=\"yoast-schema-graph\">{\"@context\":\"https:\/\/schema.org\",\"@graph\":[{\"@type\":\"WebSite\",\"@id\":\"https:\/\/www.fachwelt-verlag.de\/#website\",\"url\":\"https:\/\/www.fachwelt-verlag.de\/\",\"name\":\"FACHWELT VERLAG\",\"description\":\"\",\"potentialAction\":[{\"@type\":\"SearchAction\",\"target\":{\"@type\":\"EntryPoint\",\"urlTemplate\":\"https:\/\/www.fachwelt-verlag.de\/?s={search_term_string}\"},\"query-input\":\"required name=search_term_string\"}],\"inLanguage\":\"en-US\"},{\"@type\":\"ImageObject\",\"@id\":\"https:\/\/www.fachwelt-verlag.de\/en\/karriere\/stellenanzeige-kaufmaennischer-angestellter\/#primaryimage\",\"inLanguage\":\"en-US\",\"url\":\"https:\/\/www.fachwelt-verlag.de\/wp-content\/uploads\/Stellenanzeige_Bu\\u0308ro.jpg\",\"contentUrl\":\"https:\/\/www.fachwelt-verlag.de\/wp-content\/uploads\/Stellenanzeige_Bu\\u0308ro.jpg\",\"width\":1140,\"height\":550,\"caption\":\"B\\u00fcro Stellen Beruf Job Stellenanzeige Fachwelt Verlag Stuttgart Verlagshaus Fachmagazine Fachzeitschriften Zeitschriften Magazine\"},{\"@type\":\"WebPage\",\"@id\":\"https:\/\/www.fachwelt-verlag.de\/en\/karriere\/stellenanzeige-kaufmaennischer-angestellter\/#webpage\",\"url\":\"https:\/\/www.fachwelt-verlag.de\/en\/karriere\/stellenanzeige-kaufmaennischer-angestellter\/\",\"name\":\"Stellenanzeige Kaufm\\u00e4nnischer Angestellter in Teilzeit &bull; FACHWELT VERLAG\",\"isPartOf\":{\"@id\":\"https:\/\/www.fachwelt-verlag.de\/#website\"},\"primaryImageOfPage\":{\"@id\":\"https:\/\/www.fachwelt-verlag.de\/en\/karriere\/stellenanzeige-kaufmaennischer-angestellter\/#primaryimage\"},\"datePublished\":\"2019-10-11T08:28:03+00:00\",\"dateModified\":\"2020-05-26T09:02:08+00:00\",\"description\":\"Sie suchen einen Job und wollen Karriere machen? Dann sind Sie bei uns an der richtigen Stelle. Senden Sie uns Ihre Bewerbung.\",\"breadcrumb\":{\"@id\":\"https:\/\/www.fachwelt-verlag.de\/en\/karriere\/stellenanzeige-kaufmaennischer-angestellter\/#breadcrumb\"},\"inLanguage\":\"en-US\",\"potentialAction\":[{\"@type\":\"ReadAction\",\"target\":[\"https:\/\/www.fachwelt-verlag.de\/en\/karriere\/stellenanzeige-kaufmaennischer-angestellter\/\"]}]},{\"@type\":\"BreadcrumbList\",\"@id\":\"https:\/\/www.fachwelt-verlag.de\/en\/karriere\/stellenanzeige-kaufmaennischer-angestellter\/#breadcrumb\",\"itemListElement\":[{\"@type\":\"ListItem\",\"position\":1,\"name\":\"Startseite\",\"item\":\"https:\/\/www.fachwelt-verlag.de\/en\/\"},{\"@type\":\"ListItem\",\"position\":2,\"name\":\"Karriere\",\"item\":\"https:\/\/www.fachwelt-verlag.de\/karriere\/\"},{\"@type\":\"ListItem\",\"position\":3,\"name\":\"Stellenanzeige Kaufm\\u00e4nnischer Angestellter in Teilzeit\"}]}]}<\/script>\n<!-- \/ Yoast SEO plugin. -->","yoast_head_json":{"title":"Stellenanzeige Kaufm\u00e4nnischer Angestellter in Teilzeit &bull; FACHWELT VERLAG","description":"Sie suchen einen Job und wollen Karriere machen? Dann sind Sie bei uns an der richtigen Stelle. Senden Sie uns Ihre Bewerbung.","robots":{"index":"index","follow":"follow","max-snippet":"max-snippet:-1","max-image-preview":"max-image-preview:large","max-video-preview":"max-video-preview:-1"},"canonical":"https:\/\/www.fachwelt-verlag.de\/en\/karriere\/stellenanzeige-kaufmaennischer-angestellter\/","og_locale":"en_US","og_type":"article","og_title":"Stellenanzeige Kaufm\u00e4nnischer Angestellter in Teilzeit &bull; FACHWELT VERLAG","og_description":"Sie suchen einen Job und wollen Karriere machen? Dann sind Sie bei uns an der richtigen Stelle. Senden Sie uns Ihre Bewerbung.","og_url":"https:\/\/www.fachwelt-verlag.de\/en\/karriere\/stellenanzeige-kaufmaennischer-angestellter\/","og_site_name":"FACHWELT VERLAG","article_modified_time":"2020-05-26T09:02:08+00:00","og_image":[{"width":1140,"height":550,"url":"https:\/\/www.fachwelt-verlag.de\/wp-content\/uploads\/Stellenanzeige_Bu\u0308ro.jpg","type":"image\/jpeg"}],"twitter_card":"summary","twitter_misc":{"Est. reading time":"1 minute"},"schema":{"@context":"https:\/\/schema.org","@graph":[{"@type":"WebSite","@id":"https:\/\/www.fachwelt-verlag.de\/#website","url":"https:\/\/www.fachwelt-verlag.de\/","name":"FACHWELT VERLAG","description":"","potentialAction":[{"@type":"SearchAction","target":{"@type":"EntryPoint","urlTemplate":"https:\/\/www.fachwelt-verlag.de\/?s={search_term_string}"},"query-input":"required name=search_term_string"}],"inLanguage":"en-US"},{"@type":"ImageObject","@id":"https:\/\/www.fachwelt-verlag.de\/en\/karriere\/stellenanzeige-kaufmaennischer-angestellter\/#primaryimage","inLanguage":"en-US","url":"https:\/\/www.fachwelt-verlag.de\/wp-content\/uploads\/Stellenanzeige_Bu\u0308ro.jpg","contentUrl":"https:\/\/www.fachwelt-verlag.de\/wp-content\/uploads\/Stellenanzeige_Bu\u0308ro.jpg","width":1140,"height":550,"caption":"B\u00fcro Stellen Beruf Job Stellenanzeige Fachwelt Verlag Stuttgart Verlagshaus Fachmagazine Fachzeitschriften Zeitschriften Magazine"},{"@type":"WebPage","@id":"https:\/\/www.fachwelt-verlag.de\/en\/karriere\/stellenanzeige-kaufmaennischer-angestellter\/#webpage","url":"https:\/\/www.fachwelt-verlag.de\/en\/karriere\/stellenanzeige-kaufmaennischer-angestellter\/","name":"Stellenanzeige Kaufm\u00e4nnischer Angestellter in Teilzeit &bull; FACHWELT VERLAG","isPartOf":{"@id":"https:\/\/www.fachwelt-verlag.de\/#website"},"primaryImageOfPage":{"@id":"https:\/\/www.fachwelt-verlag.de\/en\/karriere\/stellenanzeige-kaufmaennischer-angestellter\/#primaryimage"},"datePublished":"2019-10-11T08:28:03+00:00","dateModified":"2020-05-26T09:02:08+00:00","description":"Sie suchen einen Job und wollen Karriere machen? Dann sind Sie bei uns an der richtigen Stelle. Senden Sie uns Ihre Bewerbung.","breadcrumb":{"@id":"https:\/\/www.fachwelt-verlag.de\/en\/karriere\/stellenanzeige-kaufmaennischer-angestellter\/#breadcrumb"},"inLanguage":"en-US","potentialAction":[{"@type":"ReadAction","target":["https:\/\/www.fachwelt-verlag.de\/en\/karriere\/stellenanzeige-kaufmaennischer-angestellter\/"]}]},{"@type":"BreadcrumbList","@id":"https:\/\/www.fachwelt-verlag.de\/en\/karriere\/stellenanzeige-kaufmaennischer-angestellter\/#breadcrumb","itemListElement":[{"@type":"ListItem","position":1,"name":"Startseite","item":"https:\/\/www.fachwelt-verlag.de\/en\/"},{"@type":"ListItem","position":2,"name":"Karriere","item":"https:\/\/www.fachwelt-verlag.de\/karriere\/"},{"@type":"ListItem","position":3,"name":"Stellenanzeige Kaufm\u00e4nnischer Angestellter in Teilzeit"}]}]}},"_links":{"self":[{"href":"https:\/\/www.fachwelt-verlag.de\/en\/wp-json\/wp\/v2\/pages\/1632"}],"collection":[{"href":"https:\/\/www.fachwelt-verlag.de\/en\/wp-json\/wp\/v2\/pages"}],"about":[{"href":"https:\/\/www.fachwelt-verlag.de\/en\/wp-json\/wp\/v2\/types\/page"}],"author":[{"embeddable":true,"href":"https:\/\/www.fachwelt-verlag.de\/en\/wp-json\/wp\/v2\/users\/9"}],"replies":[{"embeddable":true,"href":"https:\/\/www.fachwelt-verlag.de\/en\/wp-json\/wp\/v2\/comments?post=1632"}],"version-history":[{"count":5,"href":"https:\/\/www.fachwelt-verlag.de\/en\/wp-json\/wp\/v2\/pages\/1632\/revisions"}],"predecessor-version":[{"id":4623,"href":"https:\/\/www.fachwelt-verlag.de\/en\/wp-json\/wp\/v2\/pages\/1632\/revisions\/4623"}],"up":[{"embeddable":true,"href":"https:\/\/www.fachwelt-verlag.de\/en\/wp-json\/wp\/v2\/pages\/1049"}],"wp:featuredmedia":[{"embeddable":true,"href":"https:\/\/www.fachwelt-verlag.de\/en\/wp-json\/wp\/v2\/media\/2724"}],"wp:attachment":[{"href":"https:\/\/www.fachwelt-verlag.de\/en\/wp-json\/wp\/v2\/media?parent=1632"}],"curies":[{"name":"wp","href":"https:\/\/api.w.org\/{rel}","templated":true}]}}