{"id":2277,"date":"2018-12-13T15:36:37","date_gmt":"2018-12-13T14:36:37","guid":{"rendered":"https:\/\/www.fachwelt-verlag.de\/widerrufsbelehrung\/"},"modified":"2019-08-20T10:22:33","modified_gmt":"2019-08-20T08:22:33","slug":"widerrufsbelehrung","status":"publish","type":"page","link":"https:\/\/www.fachwelt-verlag.de\/en\/shop\/widerrufsbelehrung\/","title":{"rendered":"Widerrufsbelehrung"},"content":{"rendered":"<section class=\"l-section wpb_row height_medium\"><div class=\"l-section-h i-cf\"><div class=\"g-cols vc_row type_default valign_top\"><div class=\"vc_col-sm-12 wpb_column vc_column_container\"><div class=\"vc_column-inner\"><div class=\"wpb_wrapper\">\r\n\t<div class=\"wpb_text_column \">\r\n\t\t<div class=\"wpb_wrapper\">\r\n\t\t\t<h2>Widerrufsrecht<\/h2>\n<p>Sie haben das Recht, binnen vierzehn Tagen ohne Angabe von Gr\u00fcnden diesen Vertrag zu widerrufen.<\/p>\n<h2>Die Widerrufsfrist betr\u00e4gt vierzehn Tage ab dem Tag,<\/h2>\n<ul>\n<li>Im Falle eines Kaufvertrags: an dem Sie oder ein von Ihnen benannter Dritter, der nicht der Bef\u00f6rderer ist, die letzte Ware in Besitz genommen haben bzw. hat.<\/li>\n<li>Im Falle eines Vertrags \u00fcber mehrere Waren, die der Verbraucher im Rahmen einer einheitlichen Bestellung bestellt hat und die getrennt geliefert werden: an dem Sie oder ein von Ihnen benannter Dritter, der nicht Bef\u00f6rderer ist, die letzte Ware in Besitz genommen haben bzw. hat.<\/li>\n<li>Im Falle eines Vertrags \u00fcber die Lieferung einer Ware in mehreren Teilsendungen oder St\u00fccken: an dem Sie oder ein von Ihnen benannter Dritter, der nicht Bef\u00f6rderer ist, die letzte Teilsendung oder das letzte St\u00fcck in Besitz genommen haben bzw. hat.<\/li>\n<li>Im Falle eines Vertrages zur regelm\u00e4\u00dfigen Lieferung von Waren \u00fcber einen festgelegten Zeitraum hinweg: an dem Sie oder ein von Ihnen benannter Dritter, der nicht Bef\u00f6rderer ist, die erste Ware in Besitz genommen haben bzw. hat.<\/li>\n<\/ul>\n<p>Um Ihr Widerrufsrecht auszu\u00fcben, m\u00fcssen Sie uns, FACHWELT VERLAG, Alija Palevic, Bachstra\u00dfe 32, 70563 Stuttgart, T: 0711 93 59 27-40, info@fachwelt-verlag.de) mittels einer eindeutigen Erkl\u00e4rung (z. B. ein mit der Post versandter Brief oder E-Mail) \u00fcber Ihren Entschluss, diesen Vertrag zu widerrufen, informieren. Sie k\u00f6nnen daf\u00fcr das unten aufgef\u00fchrte <a href=\"#w-formular\">Widerrufsformular<\/a> verwenden, das jedoch nicht vorgeschrieben ist.<\/p>\n<p>Zur Wahrung der Widerrufsfrist reicht es aus, dass Sie die Mitteilung \u00fcber die Aus\u00fcbung des Widerrufsrechts vor Ablauf der Widerrufsfrist absenden.<\/p>\n<h2>Folgen des Widerrufs<\/h2>\n<p>Wenn Sie diesen Vertag widerrufen, haben wir Ihnen alle Zahlungen, die wir von Ihnen erhalten haben, einschlie\u00dflich der Lieferkosten (mit Ausnahmen der zus\u00e4tzlichen Kosten, die sich daraus ergeben, dass Sie einer andere Art der Lieferung als die von uns angebotene, g\u00fcnstige Standardlieferung gew\u00e4hlt haben), unverz\u00fcglich und sp\u00e4testens binnen vierzehn Tagen ab dem Tag zur\u00fcckzuzahlen, an dem die Mitteilung \u00fcber Ihren Widerruf dieses Vertrags bei uns eingegangen ist. F\u00fcr diese R\u00fcckzahlung verwenden wir dasselbe Zahlungsmittel, das Sie bei der urspr\u00fcnglichen Transaktion eingesetzt haben, es sei denn, mit Ihnen wurde ausdr\u00fccklich etwas anderes vereinbart; in keinem Fall werden Ihnen wegen dieser R\u00fcckzahlung Entgelte berechnet. Wir k\u00f6nnen die R\u00fcckzahlung verweigern, bis wir die Waren wieder zur\u00fcckerhalten haben oder bis Sie den Nachweis erbracht haben, dass Sie die Waren zur\u00fcckgesandt haben, je nachdem, welches der fr\u00fchere Zeitpunkt ist.<\/p>\n<p>Sie haben die Waren unverz\u00fcglich und in jedem Fall sp\u00e4testens binnen vierzehn Tagen ab dem Tag, an dem Sie uns \u00fcber den Widerruf dieses Vertrags unterrichten, an FACHWELT VERLAG, Alija Palevic, Bachstra\u00dfe 32, 70563 Stuttgart, T: 0711 93 59 27-40, info@fachwelt-verlag.de uns zur\u00fcckzusenden oder zu \u00fcbergeben. Die Frist ist gewahrt, wenn Sie die Waren vor Ablauf der Frist von vierzehn Tagen absenden.<\/p>\n<p>Sie tragen die unmittelbaren Kosten der R\u00fccksendung der Waren.<\/p>\n<p>Sie m\u00fcssen f\u00fcr einen etwaigen Wertverlust der Waren nur aufkommen, wenn dieser Wertverlust auf einen zur Pr\u00fcfung der Beschaffenheit, Eigenschaften und Funktionsweise der Waren nicht notwendigen Umgang mit ihnen zur\u00fcckzuf\u00fchren ist.<\/p>\n<p>&nbsp;<\/p>\n<p>&#8212; <em><a href=\"http:\/\/www.deutsche-anwaltshotline.de\/recht-auf-ihrer-website\/agb-generator\" target=\"_blank\" rel=\"noopener noreferrer\">Erstellt<\/a> \u00fcber den Generator der Deutschen Anwaltshotline AG &#8212;<br \/>\n<\/em><\/p>\n\r\n\t\t<\/div>\r\n\t<\/div>\r\n<div class=\"w-separator size_medium with_line width_default thick_3 style_solid color_border align_center\" id=\"w-formular\"><div class=\"w-separator-h\"><\/div><\/div>\r\n\t<div class=\"wpb_text_column \">\r\n\t\t<div class=\"wpb_wrapper\">\r\n\t\t\t<h2>Widerrufsformular<\/h2>\n<div role=\"form\" class=\"wpcf7\" id=\"wpcf7-f2950-o1\" lang=\"de-DE\" dir=\"ltr\">\n<div class=\"screen-reader-response\"><p role=\"status\" aria-live=\"polite\" aria-atomic=\"true\"><\/p> <ul><\/ul><\/div>\n<form action=\"\/en\/wp-json\/wp\/v2\/pages\/2277#wpcf7-f2950-o1\" method=\"post\" class=\"wpcf7-form init\" novalidate=\"novalidate\" data-status=\"init\">\n<div style=\"display: none;\">\n<input type=\"hidden\" name=\"_wpcf7\" value=\"2950\" \/>\n<input type=\"hidden\" name=\"_wpcf7_version\" value=\"5.5.3\" \/>\n<input type=\"hidden\" name=\"_wpcf7_locale\" value=\"de_DE_formal\" \/>\n<input type=\"hidden\" name=\"_wpcf7_unit_tag\" value=\"wpcf7-f2950-o1\" \/>\n<input type=\"hidden\" name=\"_wpcf7_container_post\" value=\"0\" \/>\n<input type=\"hidden\" name=\"_wpcf7_posted_data_hash\" value=\"\" \/>\n<input type=\"hidden\" name=\"_wpcf7_recaptcha_response\" value=\"\" \/>\n<\/div>\n<p>Hiermit widerrufe(n) ich\/wir den von mir\/uns abgeschlossenen Vertrag \u00fcber den Kauf der folgenden Ware(n):<\/p>\n<div class=\"widerruf\">\n<p><span class=\"wpcf7-form-control-wrap waren\"><input type=\"text\" name=\"waren\" value=\"\" size=\"40\" class=\"wpcf7-form-control wpcf7-text wpcf7-validates-as-required\" aria-required=\"true\" aria-invalid=\"false\" \/><\/span> <\/p>\n<p>Bestellt am<br \/>\n    <span class=\"wpcf7-form-control-wrap date-621\"><input type=\"date\" name=\"date-621\" value=\"\" class=\"wpcf7-form-control wpcf7-date wpcf7-validates-as-required wpcf7-validates-as-date\" aria-required=\"true\" aria-invalid=\"false\" \/><\/span> <\/p>\n<p>Erhalten am<br \/>\n    <span class=\"wpcf7-form-control-wrap date-622\"><input type=\"date\" name=\"date-622\" value=\"\" class=\"wpcf7-form-control wpcf7-date wpcf7-validates-as-required wpcf7-validates-as-date\" aria-required=\"true\" aria-invalid=\"false\" \/><\/span> <\/p>\n<p>Ihr Name<br \/>\n    <span class=\"wpcf7-form-control-wrap your-name\"><input type=\"text\" name=\"your-name\" value=\"\" size=\"40\" class=\"wpcf7-form-control wpcf7-text wpcf7-validates-as-required\" aria-required=\"true\" aria-invalid=\"false\" \/><\/span> <\/p>\n<p>Stra\u00dfe, Hausnummer<br \/>\n    <span class=\"wpcf7-form-control-wrap street\"><input type=\"text\" name=\"street\" value=\"\" size=\"40\" class=\"wpcf7-form-control wpcf7-text wpcf7-validates-as-required\" aria-required=\"true\" aria-invalid=\"false\" \/><\/span> <\/p>\n<p>PLZ, Ort<br \/>\n    <span class=\"wpcf7-form-control-wrap plz\"><input type=\"text\" name=\"plz\" value=\"\" size=\"40\" class=\"wpcf7-form-control wpcf7-text wpcf7-validates-as-required\" aria-required=\"true\" aria-invalid=\"false\" \/><\/span> <\/p>\n<p><span class=\"wpcf7-form-control-wrap menu-218\"><select name=\"menu-218\" class=\"wpcf7-form-control wpcf7-select wpcf7-validates-as-required\" aria-required=\"true\" aria-invalid=\"false\"><option value=\"Deutschland\">Deutschland<\/option><option value=\"\u00d6sterreich\">\u00d6sterreich<\/option><option value=\"Schweiz\">Schweiz<\/option><option value=\"Belgien\">Belgien<\/option><option value=\"Niederlande\">Niederlande<\/option><option value=\"Frankreich\">Frankreich<\/option><\/select><\/span><\/p>\n<p>Ihre E-Mail-Adresse<br \/>\n    <span class=\"wpcf7-form-control-wrap your-email\"><input type=\"email\" name=\"your-email\" value=\"\" size=\"40\" class=\"wpcf7-form-control wpcf7-text wpcf7-email wpcf7-validates-as-required wpcf7-validates-as-email\" aria-required=\"true\" aria-invalid=\"false\" \/><\/span> <\/p>\n<p>Datum<br \/>\n    <span class=\"wpcf7-form-control-wrap date-624\"><input type=\"date\" name=\"date-624\" value=\"\" class=\"wpcf7-form-control wpcf7-date wpcf7-validates-as-required wpcf7-validates-as-date\" aria-required=\"true\" aria-invalid=\"false\" \/><\/span> <\/p>\n<p><input type=\"submit\" value=\"Abschicken\" class=\"wpcf7-form-control has-spinner wpcf7-submit\" \/>\n<\/p><\/div>\n<div class=\"wpcf7-response-output\" aria-hidden=\"true\"><\/div><\/form><\/div>\n\r\n\t\t<\/div>\r\n\t<\/div>\r\n<\/div><\/div><\/div><\/div><\/div><\/section>\n","protected":false},"excerpt":{"rendered":"Widerrufsrecht Sie haben das Recht, binnen vierzehn Tagen ohne Angabe von Gr\u00fcnden diesen Vertrag zu widerrufen. Die Widerrufsfrist betr\u00e4gt vierzehn Tage ab dem Tag, Im Falle eines Kaufvertrags: an dem Sie oder ein von Ihnen benannter Dritter, der nicht der Bef\u00f6rderer ist, die letzte Ware in Besitz genommen haben bzw. hat. Im Falle eines Vertrags...","protected":false},"author":9,"featured_media":1557,"parent":2270,"menu_order":0,"comment_status":"closed","ping_status":"closed","template":"","meta":{"inline_featured_image":false},"yoast_head":"<!-- This site is optimized with the Yoast SEO plugin v17.8 - https:\/\/yoast.com\/wordpress\/plugins\/seo\/ -->\n<title>Widerrufsbelehrung &bull; FACHWELT VERLAG<\/title>\n<meta name=\"description\" content=\"Die Widerrufsbelehrung des FACHWELT VERLAG in der Bachstra\u00dfe 32 in 70563 Stuttgart.\" \/>\n<meta name=\"robots\" content=\"index, follow, max-snippet:-1, max-image-preview:large, max-video-preview:-1\" \/>\n<link rel=\"canonical\" href=\"https:\/\/www.fachwelt-verlag.de\/en\/shop\/widerrufsbelehrung\/\" \/>\n<meta property=\"og:locale\" content=\"en_US\" \/>\n<meta property=\"og:type\" content=\"article\" \/>\n<meta property=\"og:title\" content=\"Widerrufsbelehrung &bull; FACHWELT VERLAG\" \/>\n<meta property=\"og:description\" content=\"Die Widerrufsbelehrung des FACHWELT VERLAG in der Bachstra\u00dfe 32 in 70563 Stuttgart.\" \/>\n<meta property=\"og:url\" content=\"https:\/\/www.fachwelt-verlag.de\/shop\/widerrufsbelehrung\/\" \/>\n<meta property=\"og:site_name\" content=\"FACHWELT VERLAG\" \/>\n<meta property=\"article:modified_time\" content=\"2019-08-20T08:22:33+00:00\" \/>\n<meta property=\"og:image\" content=\"https:\/\/www.fachwelt-verlag.de\/wp-content\/uploads\/Fachwelt_Verlag_Homepage.jpg\" \/>\n\t<meta property=\"og:image:width\" content=\"1800\" \/>\n\t<meta property=\"og:image:height\" content=\"869\" \/>\n<meta name=\"twitter:card\" content=\"summary\" \/>\n<meta name=\"twitter:label1\" content=\"Est. reading time\" \/>\n\t<meta name=\"twitter:data1\" content=\"3 minutes\" \/>\n<script type=\"application\/ld+json\" class=\"yoast-schema-graph\">{\"@context\":\"https:\/\/schema.org\",\"@graph\":[{\"@type\":\"WebSite\",\"@id\":\"https:\/\/www.fachwelt-verlag.de\/#website\",\"url\":\"https:\/\/www.fachwelt-verlag.de\/\",\"name\":\"FACHWELT VERLAG\",\"description\":\"\",\"potentialAction\":[{\"@type\":\"SearchAction\",\"target\":{\"@type\":\"EntryPoint\",\"urlTemplate\":\"https:\/\/www.fachwelt-verlag.de\/?s={search_term_string}\"},\"query-input\":\"required name=search_term_string\"}],\"inLanguage\":\"en-US\"},{\"@type\":\"ImageObject\",\"@id\":\"https:\/\/www.fachwelt-verlag.de\/shop\/widerrufsbelehrung\/#primaryimage\",\"inLanguage\":\"en-US\",\"url\":\"https:\/\/www.fachwelt-verlag.de\/wp-content\/uploads\/Fachwelt_Verlag_Homepage.jpg\",\"contentUrl\":\"https:\/\/www.fachwelt-verlag.de\/wp-content\/uploads\/Fachwelt_Verlag_Homepage.jpg\",\"width\":1800,\"height\":869,\"caption\":\"Fachwelt Verlag Bild Natur Hintergrund Stuttgart Wald Stra\\u00dfe\"},{\"@type\":\"WebPage\",\"@id\":\"https:\/\/www.fachwelt-verlag.de\/shop\/widerrufsbelehrung\/#webpage\",\"url\":\"https:\/\/www.fachwelt-verlag.de\/shop\/widerrufsbelehrung\/\",\"name\":\"Widerrufsbelehrung &bull; FACHWELT VERLAG\",\"isPartOf\":{\"@id\":\"https:\/\/www.fachwelt-verlag.de\/#website\"},\"primaryImageOfPage\":{\"@id\":\"https:\/\/www.fachwelt-verlag.de\/shop\/widerrufsbelehrung\/#primaryimage\"},\"datePublished\":\"2018-12-13T14:36:37+00:00\",\"dateModified\":\"2019-08-20T08:22:33+00:00\",\"description\":\"Die Widerrufsbelehrung des FACHWELT VERLAG in der Bachstra\\u00dfe 32 in 70563 Stuttgart.\",\"breadcrumb\":{\"@id\":\"https:\/\/www.fachwelt-verlag.de\/shop\/widerrufsbelehrung\/#breadcrumb\"},\"inLanguage\":\"en-US\",\"potentialAction\":[{\"@type\":\"ReadAction\",\"target\":[\"https:\/\/www.fachwelt-verlag.de\/shop\/widerrufsbelehrung\/\"]}]},{\"@type\":\"BreadcrumbList\",\"@id\":\"https:\/\/www.fachwelt-verlag.de\/shop\/widerrufsbelehrung\/#breadcrumb\",\"itemListElement\":[{\"@type\":\"ListItem\",\"position\":1,\"name\":\"Startseite\",\"item\":\"https:\/\/www.fachwelt-verlag.de\/en\/\"},{\"@type\":\"ListItem\",\"position\":2,\"name\":\"Shop\",\"item\":\"https:\/\/www.fachwelt-verlag.de\/shop\/\"},{\"@type\":\"ListItem\",\"position\":3,\"name\":\"Widerrufsbelehrung\"}]}]}<\/script>\n<!-- \/ Yoast SEO plugin. -->","yoast_head_json":{"title":"Widerrufsbelehrung &bull; FACHWELT VERLAG","description":"Die Widerrufsbelehrung des FACHWELT VERLAG in der Bachstra\u00dfe 32 in 70563 Stuttgart.","robots":{"index":"index","follow":"follow","max-snippet":"max-snippet:-1","max-image-preview":"max-image-preview:large","max-video-preview":"max-video-preview:-1"},"canonical":"https:\/\/www.fachwelt-verlag.de\/en\/shop\/widerrufsbelehrung\/","og_locale":"en_US","og_type":"article","og_title":"Widerrufsbelehrung &bull; FACHWELT VERLAG","og_description":"Die Widerrufsbelehrung des FACHWELT VERLAG in der Bachstra\u00dfe 32 in 70563 Stuttgart.","og_url":"https:\/\/www.fachwelt-verlag.de\/shop\/widerrufsbelehrung\/","og_site_name":"FACHWELT VERLAG","article_modified_time":"2019-08-20T08:22:33+00:00","og_image":[{"width":1800,"height":869,"url":"https:\/\/www.fachwelt-verlag.de\/wp-content\/uploads\/Fachwelt_Verlag_Homepage.jpg","type":"image\/jpeg"}],"twitter_card":"summary","twitter_misc":{"Est. reading time":"3 minutes"},"schema":{"@context":"https:\/\/schema.org","@graph":[{"@type":"WebSite","@id":"https:\/\/www.fachwelt-verlag.de\/#website","url":"https:\/\/www.fachwelt-verlag.de\/","name":"FACHWELT VERLAG","description":"","potentialAction":[{"@type":"SearchAction","target":{"@type":"EntryPoint","urlTemplate":"https:\/\/www.fachwelt-verlag.de\/?s={search_term_string}"},"query-input":"required name=search_term_string"}],"inLanguage":"en-US"},{"@type":"ImageObject","@id":"https:\/\/www.fachwelt-verlag.de\/shop\/widerrufsbelehrung\/#primaryimage","inLanguage":"en-US","url":"https:\/\/www.fachwelt-verlag.de\/wp-content\/uploads\/Fachwelt_Verlag_Homepage.jpg","contentUrl":"https:\/\/www.fachwelt-verlag.de\/wp-content\/uploads\/Fachwelt_Verlag_Homepage.jpg","width":1800,"height":869,"caption":"Fachwelt Verlag Bild Natur Hintergrund Stuttgart Wald Stra\u00dfe"},{"@type":"WebPage","@id":"https:\/\/www.fachwelt-verlag.de\/shop\/widerrufsbelehrung\/#webpage","url":"https:\/\/www.fachwelt-verlag.de\/shop\/widerrufsbelehrung\/","name":"Widerrufsbelehrung &bull; FACHWELT VERLAG","isPartOf":{"@id":"https:\/\/www.fachwelt-verlag.de\/#website"},"primaryImageOfPage":{"@id":"https:\/\/www.fachwelt-verlag.de\/shop\/widerrufsbelehrung\/#primaryimage"},"datePublished":"2018-12-13T14:36:37+00:00","dateModified":"2019-08-20T08:22:33+00:00","description":"Die Widerrufsbelehrung des FACHWELT VERLAG in der Bachstra\u00dfe 32 in 70563 Stuttgart.","breadcrumb":{"@id":"https:\/\/www.fachwelt-verlag.de\/shop\/widerrufsbelehrung\/#breadcrumb"},"inLanguage":"en-US","potentialAction":[{"@type":"ReadAction","target":["https:\/\/www.fachwelt-verlag.de\/shop\/widerrufsbelehrung\/"]}]},{"@type":"BreadcrumbList","@id":"https:\/\/www.fachwelt-verlag.de\/shop\/widerrufsbelehrung\/#breadcrumb","itemListElement":[{"@type":"ListItem","position":1,"name":"Startseite","item":"https:\/\/www.fachwelt-verlag.de\/en\/"},{"@type":"ListItem","position":2,"name":"Shop","item":"https:\/\/www.fachwelt-verlag.de\/shop\/"},{"@type":"ListItem","position":3,"name":"Widerrufsbelehrung"}]}]}},"_links":{"self":[{"href":"https:\/\/www.fachwelt-verlag.de\/en\/wp-json\/wp\/v2\/pages\/2277"}],"collection":[{"href":"https:\/\/www.fachwelt-verlag.de\/en\/wp-json\/wp\/v2\/pages"}],"about":[{"href":"https:\/\/www.fachwelt-verlag.de\/en\/wp-json\/wp\/v2\/types\/page"}],"author":[{"embeddable":true,"href":"https:\/\/www.fachwelt-verlag.de\/en\/wp-json\/wp\/v2\/users\/9"}],"replies":[{"embeddable":true,"href":"https:\/\/www.fachwelt-verlag.de\/en\/wp-json\/wp\/v2\/comments?post=2277"}],"version-history":[{"count":5,"href":"https:\/\/www.fachwelt-verlag.de\/en\/wp-json\/wp\/v2\/pages\/2277\/revisions"}],"predecessor-version":[{"id":4015,"href":"https:\/\/www.fachwelt-verlag.de\/en\/wp-json\/wp\/v2\/pages\/2277\/revisions\/4015"}],"up":[{"embeddable":true,"href":"https:\/\/www.fachwelt-verlag.de\/en\/wp-json\/wp\/v2\/pages\/2270"}],"wp:featuredmedia":[{"embeddable":true,"href":"https:\/\/www.fachwelt-verlag.de\/en\/wp-json\/wp\/v2\/media\/1557"}],"wp:attachment":[{"href":"https:\/\/www.fachwelt-verlag.de\/en\/wp-json\/wp\/v2\/media?parent=2277"}],"curies":[{"name":"wp","href":"https:\/\/api.w.org\/{rel}","templated":true}]}}