{"id":2279,"date":"2018-12-13T15:36:37","date_gmt":"2018-12-13T14:36:37","guid":{"rendered":"https:\/\/www.fachwelt-verlag.de\/bezahlmoeglichkeiten\/"},"modified":"2019-08-20T10:23:28","modified_gmt":"2019-08-20T08:23:28","slug":"lieferung-zahlung","status":"publish","type":"page","link":"https:\/\/www.fachwelt-verlag.de\/en\/shop\/lieferung-zahlung\/","title":{"rendered":"Lieferung und Zahlung"},"content":{"rendered":"<section class=\"l-section wpb_row height_medium\"><div class=\"l-section-h i-cf\"><div class=\"g-cols vc_row type_default valign_top\"><div class=\"vc_col-sm-12 wpb_column vc_column_container\"><div class=\"vc_column-inner\"><div class=\"wpb_wrapper\">\r\n\t<div class=\"wpb_text_column \">\r\n\t\t<div class=\"wpb_wrapper\">\r\n\t\t\t<h2>Preise, Versandkosten, R\u00fccksendekosten<\/h2>\n<p>Alle Preise sind Endpreise und enthalten die gesetzliche Umsatzsteuer. Digitale Produkte sind versandkostenfrei. Bei gedruckten Produkten fallen pro Bestellung\/pro Lieferung einmalig folgende Versandkostenpauschalen an: Deutschland: \u20ac 1,45; EU: \u20ac 3,95; international: \u20ac 6,95. Bei Teillieferungen f\u00e4llt die Pauschale jeweils nur einmal an. F\u00fcr den Versand fallen keine weiteren Kosten an. Dies gilt ab einem Betrag von EU. Besteht ein Widerrufsrecht und wird von diesem Gebraucht gemacht, tr\u00e4gt der Kunde die Kosten der R\u00fccksendung.<\/p>\n<h2>Lieferbedingungen<\/h2>\n<p>Die Ware wird umgehend nach der Bestellung versandt. Der Versand erfolgt durchschnittlich sp\u00e4testens nach 14 Tagen. Der Unternehmer verpflichtet sich zur Lieferung am 21 Tag nach Bestelleingang. Die Regellieferzeit betr\u00e4gt 7 Tage, wenn in der Artikelbeschreibung nichts anderes angegeben ist. Der Anbieter versendet die Bestellung aus eigenem Lager, sobald die gesamte Bestellung dort vorr\u00e4tig ist. Hat der Anbieter ein dauerhaftes Lieferhindernis, insbesondere h\u00f6here Gewalt oder Nichtbelieferung durch eigenen Lieferanten, obwohl rechtzeitig ein entsprechendes Deckungsgesch\u00e4ft get\u00e4tigt wurde, nicht zu vertreten, so hat der Anbieter das Recht, insoweit von einem Vertrag mit dem Kunden zur\u00fcckzutreten. Der Kunde wird dar\u00fcber unverz\u00fcglich informiert und empfangene Leistungen, insbesondere Zahlungen, zur\u00fcckerstattet.<\/p>\n<p>Bei einer Abo-Bestellung erfolgt die Lieferung zum Erscheinungstag.<\/p>\n<h2>Zahlungsbedingungen<\/h2>\n<p>Der Kunde hat ausschlie\u00dflich folgende M\u00f6glichkeiten zur Zahlung: Rechnung bei Lieferung. Weitere Zahlungsarten werden nicht angeboten und werden zur\u00fcckgewiesen.<\/p>\n<p>Der Rechnungsbetrag ist nach Zugang der Rechnung, die alle Angaben f\u00fcr die \u00dcberweisung enth\u00e4lt und mit der (ersten) digitalen Datei, nach dem Download oder mit der (ersten) Lieferung zugestellt wird, auf das dort angegebene Konto zu \u00fcberweisen. Der Kunde ist verpflichtet innerhalb von 14 Tagen nach Erhalt der Rechnung den ausgewiesenen Betrag auf das auf der Rechnung angegebene Konto einzuzahlen oder zu \u00fcberweisen. Die Zahlung ist ab Rechnungsdatum ohne Abzug f\u00e4llig. Der Kunde kommt erst nach einer Mahnung in Verzug.<\/p>\n\r\n\t\t<\/div>\r\n\t<\/div>\r\n\r\n\t<div class=\"wpb_text_column \">\r\n\t\t<div class=\"wpb_wrapper\">\r\n\t\t\t<p>&#8212; <em><a href=\"http:\/\/www.deutsche-anwaltshotline.de\/recht-auf-ihrer-website\/agb-generator\" target=\"_blank\" rel=\"noopener noreferrer\">Erstellt<\/a> \u00fcber den Generator der Deutschen Anwaltshotline AG &#8212;<\/em><\/p>\n\r\n\t\t<\/div>\r\n\t<\/div>\r\n<\/div><\/div><\/div><\/div><\/div><\/section>\n","protected":false},"excerpt":{"rendered":"Preise, Versandkosten, R\u00fccksendekosten Alle Preise sind Endpreise und enthalten die gesetzliche Umsatzsteuer. Digitale Produkte sind versandkostenfrei. Bei gedruckten Produkten fallen pro Bestellung\/pro Lieferung einmalig folgende Versandkostenpauschalen an: Deutschland: \u20ac 1,45; EU: \u20ac 3,95; international: \u20ac 6,95. Bei Teillieferungen f\u00e4llt die Pauschale jeweils nur einmal an. F\u00fcr den Versand fallen keine weiteren Kosten an. Dies gilt...","protected":false},"author":9,"featured_media":1557,"parent":2270,"menu_order":0,"comment_status":"closed","ping_status":"closed","template":"","meta":{"inline_featured_image":false},"yoast_head":"<!-- This site is optimized with the Yoast SEO plugin v17.8 - https:\/\/yoast.com\/wordpress\/plugins\/seo\/ -->\n<title>Lieferung und Zahlung &bull; FACHWELT VERLAG<\/title>\n<meta name=\"description\" content=\"Die Liefer- und Zahlungsbedienungen des FACHWELT VERLAG in der Bachstra\u00dfe 32 in 70563 Stuttgart.\" \/>\n<meta name=\"robots\" content=\"index, follow, max-snippet:-1, max-image-preview:large, max-video-preview:-1\" \/>\n<link rel=\"canonical\" href=\"https:\/\/www.fachwelt-verlag.de\/en\/shop\/lieferung-zahlung\/\" \/>\n<meta property=\"og:locale\" content=\"en_US\" \/>\n<meta property=\"og:type\" content=\"article\" \/>\n<meta property=\"og:title\" content=\"Lieferung und Zahlung &bull; FACHWELT VERLAG\" \/>\n<meta property=\"og:description\" content=\"Die Liefer- und Zahlungsbedienungen des FACHWELT VERLAG in der Bachstra\u00dfe 32 in 70563 Stuttgart.\" \/>\n<meta property=\"og:url\" content=\"https:\/\/www.fachwelt-verlag.de\/en\/shop\/lieferung-zahlung\/\" \/>\n<meta property=\"og:site_name\" content=\"FACHWELT VERLAG\" \/>\n<meta property=\"article:modified_time\" content=\"2019-08-20T08:23:28+00:00\" \/>\n<meta property=\"og:image\" content=\"https:\/\/www.fachwelt-verlag.de\/wp-content\/uploads\/Fachwelt_Verlag_Homepage.jpg\" \/>\n\t<meta property=\"og:image:width\" content=\"1800\" \/>\n\t<meta property=\"og:image:height\" content=\"869\" \/>\n<meta name=\"twitter:card\" content=\"summary\" \/>\n<meta name=\"twitter:label1\" content=\"Est. reading time\" \/>\n\t<meta name=\"twitter:data1\" content=\"2 minutes\" \/>\n<script type=\"application\/ld+json\" class=\"yoast-schema-graph\">{\"@context\":\"https:\/\/schema.org\",\"@graph\":[{\"@type\":\"WebSite\",\"@id\":\"https:\/\/www.fachwelt-verlag.de\/#website\",\"url\":\"https:\/\/www.fachwelt-verlag.de\/\",\"name\":\"FACHWELT VERLAG\",\"description\":\"\",\"potentialAction\":[{\"@type\":\"SearchAction\",\"target\":{\"@type\":\"EntryPoint\",\"urlTemplate\":\"https:\/\/www.fachwelt-verlag.de\/?s={search_term_string}\"},\"query-input\":\"required name=search_term_string\"}],\"inLanguage\":\"en-US\"},{\"@type\":\"ImageObject\",\"@id\":\"https:\/\/www.fachwelt-verlag.de\/en\/shop\/lieferung-zahlung\/#primaryimage\",\"inLanguage\":\"en-US\",\"url\":\"https:\/\/www.fachwelt-verlag.de\/wp-content\/uploads\/Fachwelt_Verlag_Homepage.jpg\",\"contentUrl\":\"https:\/\/www.fachwelt-verlag.de\/wp-content\/uploads\/Fachwelt_Verlag_Homepage.jpg\",\"width\":1800,\"height\":869,\"caption\":\"Fachwelt Verlag Bild Natur Hintergrund Stuttgart Wald Stra\\u00dfe\"},{\"@type\":\"WebPage\",\"@id\":\"https:\/\/www.fachwelt-verlag.de\/en\/shop\/lieferung-zahlung\/#webpage\",\"url\":\"https:\/\/www.fachwelt-verlag.de\/en\/shop\/lieferung-zahlung\/\",\"name\":\"Lieferung und Zahlung &bull; FACHWELT VERLAG\",\"isPartOf\":{\"@id\":\"https:\/\/www.fachwelt-verlag.de\/#website\"},\"primaryImageOfPage\":{\"@id\":\"https:\/\/www.fachwelt-verlag.de\/en\/shop\/lieferung-zahlung\/#primaryimage\"},\"datePublished\":\"2018-12-13T14:36:37+00:00\",\"dateModified\":\"2019-08-20T08:23:28+00:00\",\"description\":\"Die Liefer- und Zahlungsbedienungen des FACHWELT VERLAG in der Bachstra\\u00dfe 32 in 70563 Stuttgart.\",\"breadcrumb\":{\"@id\":\"https:\/\/www.fachwelt-verlag.de\/en\/shop\/lieferung-zahlung\/#breadcrumb\"},\"inLanguage\":\"en-US\",\"potentialAction\":[{\"@type\":\"ReadAction\",\"target\":[\"https:\/\/www.fachwelt-verlag.de\/en\/shop\/lieferung-zahlung\/\"]}]},{\"@type\":\"BreadcrumbList\",\"@id\":\"https:\/\/www.fachwelt-verlag.de\/en\/shop\/lieferung-zahlung\/#breadcrumb\",\"itemListElement\":[{\"@type\":\"ListItem\",\"position\":1,\"name\":\"Startseite\",\"item\":\"https:\/\/www.fachwelt-verlag.de\/en\/\"},{\"@type\":\"ListItem\",\"position\":2,\"name\":\"Shop\",\"item\":\"https:\/\/www.fachwelt-verlag.de\/shop\/\"},{\"@type\":\"ListItem\",\"position\":3,\"name\":\"Lieferung und Zahlung\"}]}]}<\/script>\n<!-- \/ Yoast SEO plugin. -->","yoast_head_json":{"title":"Lieferung und Zahlung &bull; FACHWELT VERLAG","description":"Die Liefer- und Zahlungsbedienungen des FACHWELT VERLAG in der Bachstra\u00dfe 32 in 70563 Stuttgart.","robots":{"index":"index","follow":"follow","max-snippet":"max-snippet:-1","max-image-preview":"max-image-preview:large","max-video-preview":"max-video-preview:-1"},"canonical":"https:\/\/www.fachwelt-verlag.de\/en\/shop\/lieferung-zahlung\/","og_locale":"en_US","og_type":"article","og_title":"Lieferung und Zahlung &bull; FACHWELT VERLAG","og_description":"Die Liefer- und Zahlungsbedienungen des FACHWELT VERLAG in der Bachstra\u00dfe 32 in 70563 Stuttgart.","og_url":"https:\/\/www.fachwelt-verlag.de\/en\/shop\/lieferung-zahlung\/","og_site_name":"FACHWELT VERLAG","article_modified_time":"2019-08-20T08:23:28+00:00","og_image":[{"width":1800,"height":869,"url":"https:\/\/www.fachwelt-verlag.de\/wp-content\/uploads\/Fachwelt_Verlag_Homepage.jpg","type":"image\/jpeg"}],"twitter_card":"summary","twitter_misc":{"Est. reading time":"2 minutes"},"schema":{"@context":"https:\/\/schema.org","@graph":[{"@type":"WebSite","@id":"https:\/\/www.fachwelt-verlag.de\/#website","url":"https:\/\/www.fachwelt-verlag.de\/","name":"FACHWELT VERLAG","description":"","potentialAction":[{"@type":"SearchAction","target":{"@type":"EntryPoint","urlTemplate":"https:\/\/www.fachwelt-verlag.de\/?s={search_term_string}"},"query-input":"required name=search_term_string"}],"inLanguage":"en-US"},{"@type":"ImageObject","@id":"https:\/\/www.fachwelt-verlag.de\/en\/shop\/lieferung-zahlung\/#primaryimage","inLanguage":"en-US","url":"https:\/\/www.fachwelt-verlag.de\/wp-content\/uploads\/Fachwelt_Verlag_Homepage.jpg","contentUrl":"https:\/\/www.fachwelt-verlag.de\/wp-content\/uploads\/Fachwelt_Verlag_Homepage.jpg","width":1800,"height":869,"caption":"Fachwelt Verlag Bild Natur Hintergrund Stuttgart Wald Stra\u00dfe"},{"@type":"WebPage","@id":"https:\/\/www.fachwelt-verlag.de\/en\/shop\/lieferung-zahlung\/#webpage","url":"https:\/\/www.fachwelt-verlag.de\/en\/shop\/lieferung-zahlung\/","name":"Lieferung und Zahlung &bull; FACHWELT VERLAG","isPartOf":{"@id":"https:\/\/www.fachwelt-verlag.de\/#website"},"primaryImageOfPage":{"@id":"https:\/\/www.fachwelt-verlag.de\/en\/shop\/lieferung-zahlung\/#primaryimage"},"datePublished":"2018-12-13T14:36:37+00:00","dateModified":"2019-08-20T08:23:28+00:00","description":"Die Liefer- und Zahlungsbedienungen des FACHWELT VERLAG in der Bachstra\u00dfe 32 in 70563 Stuttgart.","breadcrumb":{"@id":"https:\/\/www.fachwelt-verlag.de\/en\/shop\/lieferung-zahlung\/#breadcrumb"},"inLanguage":"en-US","potentialAction":[{"@type":"ReadAction","target":["https:\/\/www.fachwelt-verlag.de\/en\/shop\/lieferung-zahlung\/"]}]},{"@type":"BreadcrumbList","@id":"https:\/\/www.fachwelt-verlag.de\/en\/shop\/lieferung-zahlung\/#breadcrumb","itemListElement":[{"@type":"ListItem","position":1,"name":"Startseite","item":"https:\/\/www.fachwelt-verlag.de\/en\/"},{"@type":"ListItem","position":2,"name":"Shop","item":"https:\/\/www.fachwelt-verlag.de\/shop\/"},{"@type":"ListItem","position":3,"name":"Lieferung und Zahlung"}]}]}},"_links":{"self":[{"href":"https:\/\/www.fachwelt-verlag.de\/en\/wp-json\/wp\/v2\/pages\/2279"}],"collection":[{"href":"https:\/\/www.fachwelt-verlag.de\/en\/wp-json\/wp\/v2\/pages"}],"about":[{"href":"https:\/\/www.fachwelt-verlag.de\/en\/wp-json\/wp\/v2\/types\/page"}],"author":[{"embeddable":true,"href":"https:\/\/www.fachwelt-verlag.de\/en\/wp-json\/wp\/v2\/users\/9"}],"replies":[{"embeddable":true,"href":"https:\/\/www.fachwelt-verlag.de\/en\/wp-json\/wp\/v2\/comments?post=2279"}],"version-history":[{"count":5,"href":"https:\/\/www.fachwelt-verlag.de\/en\/wp-json\/wp\/v2\/pages\/2279\/revisions"}],"predecessor-version":[{"id":4021,"href":"https:\/\/www.fachwelt-verlag.de\/en\/wp-json\/wp\/v2\/pages\/2279\/revisions\/4021"}],"up":[{"embeddable":true,"href":"https:\/\/www.fachwelt-verlag.de\/en\/wp-json\/wp\/v2\/pages\/2270"}],"wp:featuredmedia":[{"embeddable":true,"href":"https:\/\/www.fachwelt-verlag.de\/en\/wp-json\/wp\/v2\/media\/1557"}],"wp:attachment":[{"href":"https:\/\/www.fachwelt-verlag.de\/en\/wp-json\/wp\/v2\/media?parent=2279"}],"curies":[{"name":"wp","href":"https:\/\/api.w.org\/{rel}","templated":true}]}}