{"id":2810,"date":"2019-01-02T14:18:45","date_gmt":"2019-01-02T13:18:45","guid":{"rendered":"https:\/\/www.fachwelt-verlag.de\/?post_type=product&#038;p=2810"},"modified":"2020-04-09T12:06:05","modified_gmt":"2020-04-09T10:06:05","slug":"prozesstechnik","status":"publish","type":"product","link":"https:\/\/www.fachwelt-verlag.de\/en\/produkt\/prozesstechnik\/","title":{"rendered":"PROZESSTECHNIK"},"content":{"rendered":"","protected":false},"excerpt":{"rendered":"<div class=\"box-collateral-content\">\n<p>Die PROZESSTECHNIK berichtet \u00fcber die relevantesten Neuigkeiten aus den Branchen <span style=\"color: #cc481e;\">CHEMIE<\/span>, <span style=\"color: #19506a;\">PHARMA<\/span>, <span style=\"color: #329a82;\">FOOD<\/span>. \u00dcbersichtlich, journalistisch hochwertig und mit ansprechendem Design erreicht es ausgew\u00e4hlte Entscheider sowie F\u00fchrungskr\u00e4fte in der gesamten Prozessindustrie.<\/p>\n<p>Weitere Informationen finden Sie auf der Website: <a href=\"https:\/\/www.prozesstechnik-portal.com\" target=\"_blank\" rel=\"noopener noreferrer\">www.PROZESSTECHNIK-PORTAL.com<\/a><\/p>\n<p>Erscheinungstermine 2020:<\/p>\n<ul>\n<li>17. M\u00e4rz (Sonderausgabe Analytic)<\/li>\n<li>6. April<\/li>\n<li>23. April<\/li>\n<li>16. Juni<\/li>\n<li>15. September<\/li>\n<li>5. Oktober (Sonderausgabe Analytic)<\/li>\n<li>30. Oktober<\/li>\n<li>12. November<\/li>\n<\/ul>\n<\/div>\n","protected":false},"featured_media":4173,"template":"","meta":{"inline_featured_image":false},"product_cat":[31],"product_tag":[],"yoast_head":"<!-- This site is optimized with the Yoast SEO plugin v17.8 - https:\/\/yoast.com\/wordpress\/plugins\/seo\/ -->\n<title>PROZESSTECHNIK &bull; FACHWELT VERLAG<\/title>\n<meta name=\"robots\" content=\"index, follow, max-snippet:-1, max-image-preview:large, max-video-preview:-1\" \/>\n<link rel=\"canonical\" href=\"https:\/\/www.fachwelt-verlag.de\/en\/produkt\/prozesstechnik\/\" \/>\n<meta property=\"og:locale\" content=\"en_US\" \/>\n<meta property=\"og:type\" content=\"article\" \/>\n<meta property=\"og:title\" content=\"PROZESSTECHNIK &bull; FACHWELT VERLAG\" \/>\n<meta property=\"og:description\" content=\"Die PROZESSTECHNIK berichtet \u00fcber die relevantesten Neuigkeiten aus den Branchen CHEMIE, PHARMA, FOOD. \u00dcbersichtlich, journalistisch hochwertig und mit ansprechendem Design erreicht es ausgew\u00e4hlte Entscheider sowie F\u00fchrungskr\u00e4fte in der gesamten Prozessindustrie.  Weitere Informationen finden Sie auf der Website: www.PROZESSTECHNIK-PORTAL.com  Erscheinungstermine 2020:   17. M\u00e4rz (Sonderausgabe Analytic)  6. April  23. April  16. Juni  15. September  5. Oktober (Sonderausgabe Analytic)  30. Oktober  12. November\" \/>\n<meta property=\"og:url\" content=\"https:\/\/www.fachwelt-verlag.de\/produkt\/prozesstechnik\/\" \/>\n<meta property=\"og:site_name\" content=\"FACHWELT VERLAG\" \/>\n<meta property=\"article:modified_time\" content=\"2020-04-09T10:06:05+00:00\" \/>\n<meta property=\"og:image\" content=\"https:\/\/www.fachwelt-verlag.de\/wp-content\/uploads\/PT-2019-5-Cover-1024.jpg\" \/>\n\t<meta property=\"og:image:width\" content=\"1024\" \/>\n\t<meta property=\"og:image:height\" content=\"1448\" \/>\n<meta name=\"twitter:card\" content=\"summary\" \/>\n<script type=\"application\/ld+json\" class=\"yoast-schema-graph\">{\"@context\":\"https:\/\/schema.org\",\"@graph\":[{\"@type\":\"WebSite\",\"@id\":\"https:\/\/www.fachwelt-verlag.de\/#website\",\"url\":\"https:\/\/www.fachwelt-verlag.de\/\",\"name\":\"FACHWELT VERLAG\",\"description\":\"\",\"potentialAction\":[{\"@type\":\"SearchAction\",\"target\":{\"@type\":\"EntryPoint\",\"urlTemplate\":\"https:\/\/www.fachwelt-verlag.de\/?s={search_term_string}\"},\"query-input\":\"required name=search_term_string\"}],\"inLanguage\":\"en-US\"},{\"@type\":\"ImageObject\",\"@id\":\"https:\/\/www.fachwelt-verlag.de\/produkt\/prozesstechnik\/#primaryimage\",\"inLanguage\":\"en-US\",\"url\":\"https:\/\/www.fachwelt-verlag.de\/wp-content\/uploads\/PT-2019-5-Cover-1024.jpg\",\"contentUrl\":\"https:\/\/www.fachwelt-verlag.de\/wp-content\/uploads\/PT-2019-5-Cover-1024.jpg\",\"width\":1024,\"height\":1448,\"caption\":\"PROZESSTECHNIK Prozess Technik Media Mediaunterlagen Mediadaten Fachmagazin Fachzeitschrift Zeitschrift Magazin Industrie Branche\"},{\"@type\":\"WebPage\",\"@id\":\"https:\/\/www.fachwelt-verlag.de\/produkt\/prozesstechnik\/#webpage\",\"url\":\"https:\/\/www.fachwelt-verlag.de\/produkt\/prozesstechnik\/\",\"name\":\"PROZESSTECHNIK &bull; FACHWELT VERLAG\",\"isPartOf\":{\"@id\":\"https:\/\/www.fachwelt-verlag.de\/#website\"},\"primaryImageOfPage\":{\"@id\":\"https:\/\/www.fachwelt-verlag.de\/produkt\/prozesstechnik\/#primaryimage\"},\"datePublished\":\"2019-01-02T13:18:45+00:00\",\"dateModified\":\"2020-04-09T10:06:05+00:00\",\"breadcrumb\":{\"@id\":\"https:\/\/www.fachwelt-verlag.de\/produkt\/prozesstechnik\/#breadcrumb\"},\"inLanguage\":\"en-US\",\"potentialAction\":[{\"@type\":\"ReadAction\",\"target\":[\"https:\/\/www.fachwelt-verlag.de\/produkt\/prozesstechnik\/\"]}]},{\"@type\":\"BreadcrumbList\",\"@id\":\"https:\/\/www.fachwelt-verlag.de\/produkt\/prozesstechnik\/#breadcrumb\",\"itemListElement\":[{\"@type\":\"ListItem\",\"position\":1,\"name\":\"Startseite\",\"item\":\"https:\/\/www.fachwelt-verlag.de\/en\/\"},{\"@type\":\"ListItem\",\"position\":2,\"name\":\"Shop\",\"item\":\"https:\/\/www.fachwelt-verlag.de\/shop\/\"},{\"@type\":\"ListItem\",\"position\":3,\"name\":\"PROZESSTECHNIK\"}]}]}<\/script>\n<!-- \/ Yoast SEO plugin. -->","yoast_head_json":{"title":"PROZESSTECHNIK &bull; FACHWELT VERLAG","robots":{"index":"index","follow":"follow","max-snippet":"max-snippet:-1","max-image-preview":"max-image-preview:large","max-video-preview":"max-video-preview:-1"},"canonical":"https:\/\/www.fachwelt-verlag.de\/en\/produkt\/prozesstechnik\/","og_locale":"en_US","og_type":"article","og_title":"PROZESSTECHNIK &bull; FACHWELT VERLAG","og_description":"Die PROZESSTECHNIK berichtet \u00fcber die relevantesten Neuigkeiten aus den Branchen CHEMIE, PHARMA, FOOD. \u00dcbersichtlich, journalistisch hochwertig und mit ansprechendem Design erreicht es ausgew\u00e4hlte Entscheider sowie F\u00fchrungskr\u00e4fte in der gesamten Prozessindustrie.  Weitere Informationen finden Sie auf der Website: www.PROZESSTECHNIK-PORTAL.com  Erscheinungstermine 2020:   17. M\u00e4rz (Sonderausgabe Analytic)  6. April  23. April  16. Juni  15. September  5. Oktober (Sonderausgabe Analytic)  30. Oktober  12. November","og_url":"https:\/\/www.fachwelt-verlag.de\/produkt\/prozesstechnik\/","og_site_name":"FACHWELT VERLAG","article_modified_time":"2020-04-09T10:06:05+00:00","og_image":[{"width":1024,"height":1448,"url":"https:\/\/www.fachwelt-verlag.de\/wp-content\/uploads\/PT-2019-5-Cover-1024.jpg","type":"image\/jpeg"}],"twitter_card":"summary","schema":{"@context":"https:\/\/schema.org","@graph":[{"@type":"WebSite","@id":"https:\/\/www.fachwelt-verlag.de\/#website","url":"https:\/\/www.fachwelt-verlag.de\/","name":"FACHWELT VERLAG","description":"","potentialAction":[{"@type":"SearchAction","target":{"@type":"EntryPoint","urlTemplate":"https:\/\/www.fachwelt-verlag.de\/?s={search_term_string}"},"query-input":"required name=search_term_string"}],"inLanguage":"en-US"},{"@type":"ImageObject","@id":"https:\/\/www.fachwelt-verlag.de\/produkt\/prozesstechnik\/#primaryimage","inLanguage":"en-US","url":"https:\/\/www.fachwelt-verlag.de\/wp-content\/uploads\/PT-2019-5-Cover-1024.jpg","contentUrl":"https:\/\/www.fachwelt-verlag.de\/wp-content\/uploads\/PT-2019-5-Cover-1024.jpg","width":1024,"height":1448,"caption":"PROZESSTECHNIK Prozess Technik Media Mediaunterlagen Mediadaten Fachmagazin Fachzeitschrift Zeitschrift Magazin Industrie Branche"},{"@type":"WebPage","@id":"https:\/\/www.fachwelt-verlag.de\/produkt\/prozesstechnik\/#webpage","url":"https:\/\/www.fachwelt-verlag.de\/produkt\/prozesstechnik\/","name":"PROZESSTECHNIK &bull; FACHWELT VERLAG","isPartOf":{"@id":"https:\/\/www.fachwelt-verlag.de\/#website"},"primaryImageOfPage":{"@id":"https:\/\/www.fachwelt-verlag.de\/produkt\/prozesstechnik\/#primaryimage"},"datePublished":"2019-01-02T13:18:45+00:00","dateModified":"2020-04-09T10:06:05+00:00","breadcrumb":{"@id":"https:\/\/www.fachwelt-verlag.de\/produkt\/prozesstechnik\/#breadcrumb"},"inLanguage":"en-US","potentialAction":[{"@type":"ReadAction","target":["https:\/\/www.fachwelt-verlag.de\/produkt\/prozesstechnik\/"]}]},{"@type":"BreadcrumbList","@id":"https:\/\/www.fachwelt-verlag.de\/produkt\/prozesstechnik\/#breadcrumb","itemListElement":[{"@type":"ListItem","position":1,"name":"Startseite","item":"https:\/\/www.fachwelt-verlag.de\/en\/"},{"@type":"ListItem","position":2,"name":"Shop","item":"https:\/\/www.fachwelt-verlag.de\/shop\/"},{"@type":"ListItem","position":3,"name":"PROZESSTECHNIK"}]}]}},"_links":{"self":[{"href":"https:\/\/www.fachwelt-verlag.de\/en\/wp-json\/wp\/v2\/product\/2810"}],"collection":[{"href":"https:\/\/www.fachwelt-verlag.de\/en\/wp-json\/wp\/v2\/product"}],"about":[{"href":"https:\/\/www.fachwelt-verlag.de\/en\/wp-json\/wp\/v2\/types\/product"}],"wp:featuredmedia":[{"embeddable":true,"href":"https:\/\/www.fachwelt-verlag.de\/en\/wp-json\/wp\/v2\/media\/4173"}],"wp:attachment":[{"href":"https:\/\/www.fachwelt-verlag.de\/en\/wp-json\/wp\/v2\/media?parent=2810"}],"wp:term":[{"taxonomy":"product_cat","embeddable":true,"href":"https:\/\/www.fachwelt-verlag.de\/en\/wp-json\/wp\/v2\/product_cat?post=2810"},{"taxonomy":"product_tag","embeddable":true,"href":"https:\/\/www.fachwelt-verlag.de\/en\/wp-json\/wp\/v2\/product_tag?post=2810"}],"curies":[{"name":"wp","href":"https:\/\/api.w.org\/{rel}","templated":true}]}}